{"id":446,"date":"2019-08-23T14:15:15","date_gmt":"2019-08-23T14:15:15","guid":{"rendered":"http:\/\/administraram.com.co\/?page_id=446"},"modified":"2019-08-23T14:15:15","modified_gmt":"2019-08-23T14:15:15","slug":"noticias","status":"publish","type":"page","link":"https:\/\/administraram.com.co\/index.php\/noticias\/","title":{"rendered":"Noticias"},"content":{"rendered":"\n\r\n\t\t<div class=\"sp_wpspwpost_static wpspw-design-1 wpspw-grid-2 wpspw-clearfix \">\r\n\r\n\t\t\t\r\n<div class=\"wpspw-post-grid wpspw-medium-6 wpspw-columns first\">\r\n\t<div class=\"wpspw-post-grid-content  \">\r\n\r\n\t\t\t\t\t<div class=\"wpspw-post-image-bg\">\r\n\t\t\t\t<a href=\"https:\/\/administraram.com.co\/index.php\/2019\/08\/23\/saludo-a-nuestros-clientes\/\">\r\n\t\t\t\t\t<img src=\"https:\/\/administraram.com.co\/wp-content\/uploads\/2019\/04\/socialppoli.png\" alt=\"Saludo a nuestros clientes\" \/>\r\n\t\t\t\t<\/a>\r\n\t\t\t<\/div>\r\n\t\t\t\t\t<div class=\"wpspw-post-categories\"><a href=\"https:\/\/administraram.com.co\/index.php\/category\/clientes\/\">Clientes<\/a><\/div>\r\n\t\t\r\n\t\t<h2 class=\"wpspw-post-title\">\r\n\t\t\t<a href=\"https:\/\/administraram.com.co\/index.php\/2019\/08\/23\/saludo-a-nuestros-clientes\/\">Saludo a nuestros clientes<\/a>\r\n\t\t<\/h2>\r\n\r\n\t\t\t\t\t<div class=\"wpspw-post-date\">\r\n\t\t\t\t\t\t\t\t\t<span>\r\n\t\t\t\t\t\tBy <a href=\"https:\/\/administraram.com.co\/index.php\/author\/zszcixulo2\/\">Dist&#38;Net<\/a>\r\n\t\t\t\t\t<\/span>\r\n\t\t\t\t&nbsp;\/&nbsp;agosto 23, 2019\t\t\t<\/div>\r\n\t\t\t\t\t<div class=\"wpspw-post-content\">\r\n\t\t\t\t\t\t\t\t\t<div>\r\n\t\t\t\t\t\tPara nosotros es un placer que seas parte de nuestra clientela. Este post es en agradecimiento por ser parte de...\t\t\t\t\t<\/div>\r\n\t\t\t\t\t<a class=\"wpspw-readmorebtn\" href=\"https:\/\/administraram.com.co\/index.php\/2019\/08\/23\/saludo-a-nuestros-clientes\/\">Read More<\/a>\r\n\t\t\t\t\t\t\t<\/div>\r\n\t\t\t<\/div>\r\n<\/div>\r\n<div class=\"wpspw-post-grid wpspw-medium-6 wpspw-columns \">\r\n\t<div class=\"wpspw-post-grid-content  \">\r\n\r\n\t\t\t\t\t<div class=\"wpspw-post-image-bg\">\r\n\t\t\t\t<a href=\"https:\/\/administraram.com.co\/index.php\/2019\/04\/26\/capacitacion2013\/\">\r\n\t\t\t\t\t<img src=\"https:\/\/administraram.com.co\/wp-content\/uploads\/2019\/05\/serlimpieza.png\" alt=\"Septiembre 12 de 2013\" \/>\r\n\t\t\t\t<\/a>\r\n\t\t\t<\/div>\r\n\t\t\t\t\t<div class=\"wpspw-post-categories\"><a href=\"https:\/\/administraram.com.co\/index.php\/category\/capacitacion\/\">Capacitaci\u00f3n<\/a><\/div>\r\n\t\t\r\n\t\t<h2 class=\"wpspw-post-title\">\r\n\t\t\t<a href=\"https:\/\/administraram.com.co\/index.php\/2019\/04\/26\/capacitacion2013\/\">Septiembre 12 de 2013<\/a>\r\n\t\t<\/h2>\r\n\r\n\t\t\t\t\t<div class=\"wpspw-post-date\">\r\n\t\t\t\t\t\t\t\t\t<span>\r\n\t\t\t\t\t\tBy <a href=\"https:\/\/administraram.com.co\/index.php\/author\/zszcixulo2\/\">Dist&#38;Net<\/a>\r\n\t\t\t\t\t<\/span>\r\n\t\t\t\t&nbsp;\/&nbsp;abril 26, 2019\t\t\t<\/div>\r\n\t\t\t\t\t<div class=\"wpspw-post-content\">\r\n\t\t\t\t\t\t\t\t\t<div>\r\n\t\t\t\t\t\tCapacitaci\u00f3n de personal Grupo GENSA Simulacro Pr\u00e1ctica Capacitaci\u00f3n de personal Simulacro Camillaje\t\t\t\t\t<\/div>\r\n\t\t\t\t\t<a class=\"wpspw-readmorebtn\" href=\"https:\/\/administraram.com.co\/index.php\/2019\/04\/26\/capacitacion2013\/\">Read More<\/a>\r\n\t\t\t\t\t\t\t<\/div>\r\n\t\t\t<\/div>\r\n<\/div>\r\n\t\t\t\t\t<\/div>\r\n\r\n\t\n","protected":false},"excerpt":{"rendered":"","protected":false},"author":1,"featured_media":0,"parent":0,"menu_order":0,"comment_status":"closed","ping_status":"closed","template":"","meta":[],"_links":{"self":[{"href":"https:\/\/administraram.com.co\/index.php\/wp-json\/wp\/v2\/pages\/446"}],"collection":[{"href":"https:\/\/administraram.com.co\/index.php\/wp-json\/wp\/v2\/pages"}],"about":[{"href":"https:\/\/administraram.com.co\/index.php\/wp-json\/wp\/v2\/types\/page"}],"author":[{"embeddable":true,"href":"https:\/\/administraram.com.co\/index.php\/wp-json\/wp\/v2\/users\/1"}],"replies":[{"embeddable":true,"href":"https:\/\/administraram.com.co\/index.php\/wp-json\/wp\/v2\/comments?post=446"}],"version-history":[{"count":1,"href":"https:\/\/administraram.com.co\/index.php\/wp-json\/wp\/v2\/pages\/446\/revisions"}],"predecessor-version":[{"id":447,"href":"https:\/\/administraram.com.co\/index.php\/wp-json\/wp\/v2\/pages\/446\/revisions\/447"}],"wp:attachment":[{"href":"https:\/\/administraram.com.co\/index.php\/wp-json\/wp\/v2\/media?parent=446"}],"curies":[{"name":"wp","href":"https:\/\/api.w.org\/{rel}","templated":true}]}}