{"id":369,"date":"2019-05-21T12:44:37","date_gmt":"2019-05-21T12:44:37","guid":{"rendered":"http:\/\/administraram.com.co\/?page_id=369"},"modified":"2023-02-15T15:30:49","modified_gmt":"2023-02-15T20:30:49","slug":"valores-agregados","status":"publish","type":"page","link":"https:\/\/administraram.com.co\/index.php\/valores-agregados\/","title":{"rendered":"Valores agregados"},"content":{"rendered":"\t\t<div data-elementor-type=\"wp-post\" data-elementor-id=\"369\" class=\"elementor elementor-369\">\n\t\t\t\t\t\t<div class=\"elementor-inner\">\n\t\t\t\t<div class=\"elementor-section-wrap\">\n\t\t\t\t\t\t\t\t\t<section class=\"elementor-section elementor-top-section elementor-element elementor-element-862a5e4 elementor-section-boxed elementor-section-height-default elementor-section-height-default\" data-id=\"862a5e4\" data-element_type=\"section\">\n\t\t\t\t\t\t<div class=\"elementor-container elementor-column-gap-default\">\n\t\t\t\t\t\t\t<div class=\"elementor-row\">\n\t\t\t\t\t<div class=\"elementor-column elementor-col-100 elementor-top-column elementor-element elementor-element-1f61afd\" data-id=\"1f61afd\" data-element_type=\"column\">\n\t\t\t<div class=\"elementor-column-wrap elementor-element-populated\">\n\t\t\t\t\t\t\t<div class=\"elementor-widget-wrap\">\n\t\t\t\t\t\t<div class=\"elementor-element elementor-element-12a95f5 elementor-widget elementor-widget-text-editor\" data-id=\"12a95f5\" data-element_type=\"widget\" data-widget_type=\"text-editor.default\">\n\t\t\t\t<div class=\"elementor-widget-container\">\n\t\t\t\t\t\t\t\t<div class=\"elementor-text-editor elementor-clearfix\">\n\t\t\t\t<p>Los valores agregados son servicios adicionales a los m\u00ednimos requeridos que solicita la entidad. Administra Ram Ltda., se compromete a prestar durante el desarrollo del contrato los siguientes servicios y elementos los cuales son un plus en el servicio sin costo adicional para la entidad contratante.<\/p>\t\t\t\t\t<\/div>\n\t\t\t\t\t\t<\/div>\n\t\t\t\t<\/div>\n\t\t\t\t\t\t<\/div>\n\t\t\t\t\t<\/div>\n\t\t<\/div>\n\t\t\t\t\t\t\t\t<\/div>\n\t\t\t\t\t<\/div>\n\t\t<\/section>\n\t\t\t\t<section class=\"elementor-section elementor-top-section elementor-element elementor-element-dd3b510 elementor-section-boxed elementor-section-height-default elementor-section-height-default\" data-id=\"dd3b510\" data-element_type=\"section\">\n\t\t\t\t\t\t<div class=\"elementor-container elementor-column-gap-default\">\n\t\t\t\t\t\t\t<div class=\"elementor-row\">\n\t\t\t\t\t<div class=\"elementor-column elementor-col-50 elementor-top-column elementor-element elementor-element-1e31a08\" data-id=\"1e31a08\" data-element_type=\"column\">\n\t\t\t<div class=\"elementor-column-wrap elementor-element-populated\">\n\t\t\t\t\t\t\t<div class=\"elementor-widget-wrap\">\n\t\t\t\t\t\t<div class=\"elementor-element elementor-element-861580e elementor-widget elementor-widget-image\" data-id=\"861580e\" data-element_type=\"widget\" data-widget_type=\"image.default\">\n\t\t\t\t<div class=\"elementor-widget-container\">\n\t\t\t\t\t\t\t\t<div class=\"elementor-image\">\n\t\t\t\t\t\t\t\t\t\t\t\t<img width=\"150\" height=\"150\" src=\"https:\/\/administraram.com.co\/wp-content\/uploads\/2023\/02\/respuesta-150x150.jpg\" class=\"attachment-thumbnail size-thumbnail\" alt=\"\" loading=\"lazy\" srcset=\"https:\/\/administraram.com.co\/wp-content\/uploads\/2023\/02\/respuesta.jpg 150w, https:\/\/administraram.com.co\/wp-content\/uploads\/2023\/02\/respuesta-120x120.jpg 120w, https:\/\/administraram.com.co\/wp-content\/uploads\/2023\/02\/respuesta-105x105.jpg 105w\" sizes=\"(max-width: 150px) 100vw, 150px\" \/>\t\t\t\t\t\t\t\t\t\t\t\t\t\t<\/div>\n\t\t\t\t\t\t<\/div>\n\t\t\t\t<\/div>\n\t\t\t\t<div class=\"elementor-element elementor-element-98ae2c1 elementor-widget elementor-widget-heading\" data-id=\"98ae2c1\" data-element_type=\"widget\" data-widget_type=\"heading.default\">\n\t\t\t\t<div class=\"elementor-widget-container\">\n\t\t\t<h2 class=\"elementor-heading-title elementor-size-default\">OPORTUNIDAD DE RESPUESTA RAPIDA A A LAS SOLICITUDES DE SERVICIOS<\/h2>\t\t<\/div>\n\t\t\t\t<\/div>\n\t\t\t\t<div class=\"elementor-element elementor-element-4ed87e8 elementor-widget elementor-widget-text-editor\" data-id=\"4ed87e8\" data-element_type=\"widget\" data-widget_type=\"text-editor.default\">\n\t\t\t\t<div class=\"elementor-widget-container\">\n\t\t\t\t\t\t\t\t<div class=\"elementor-text-editor elementor-clearfix\">\n\t\t\t\t<p>Ante las solicitudes del Interventor del contrato, estamos en condiciones de atender y solucionar cualquier inconveniente que se presente a m\u00e1s tardar dentro de la hora siguiente a su informe.<\/p>\t\t\t\t\t<\/div>\n\t\t\t\t\t\t<\/div>\n\t\t\t\t<\/div>\n\t\t\t\t\t\t<\/div>\n\t\t\t\t\t<\/div>\n\t\t<\/div>\n\t\t\t\t<div class=\"elementor-column elementor-col-50 elementor-top-column elementor-element elementor-element-5423b72\" data-id=\"5423b72\" data-element_type=\"column\">\n\t\t\t<div class=\"elementor-column-wrap elementor-element-populated\">\n\t\t\t\t\t\t\t<div class=\"elementor-widget-wrap\">\n\t\t\t\t\t\t<div class=\"elementor-element elementor-element-244aea8 elementor-widget elementor-widget-image\" data-id=\"244aea8\" data-element_type=\"widget\" data-widget_type=\"image.default\">\n\t\t\t\t<div class=\"elementor-widget-container\">\n\t\t\t\t\t\t\t\t<div class=\"elementor-image\">\n\t\t\t\t\t\t\t\t\t\t\t\t<img width=\"150\" height=\"150\" src=\"https:\/\/administraram.com.co\/wp-content\/uploads\/2023\/02\/capacitacionees-150x150.png\" class=\"attachment-thumbnail size-thumbnail\" alt=\"\" loading=\"lazy\" srcset=\"https:\/\/administraram.com.co\/wp-content\/uploads\/2023\/02\/capacitacionees.png 150w, https:\/\/administraram.com.co\/wp-content\/uploads\/2023\/02\/capacitacionees-120x120.png 120w, https:\/\/administraram.com.co\/wp-content\/uploads\/2023\/02\/capacitacionees-105x105.png 105w\" sizes=\"(max-width: 150px) 100vw, 150px\" \/>\t\t\t\t\t\t\t\t\t\t\t\t\t\t<\/div>\n\t\t\t\t\t\t<\/div>\n\t\t\t\t<\/div>\n\t\t\t\t<div class=\"elementor-element elementor-element-1ff198f elementor-widget elementor-widget-heading\" data-id=\"1ff198f\" data-element_type=\"widget\" data-widget_type=\"heading.default\">\n\t\t\t\t<div class=\"elementor-widget-container\">\n\t\t\t<h2 class=\"elementor-heading-title elementor-size-default\">CAPACITACIONES<\/h2>\t\t<\/div>\n\t\t\t\t<\/div>\n\t\t\t\t<div class=\"elementor-element elementor-element-0e41563 elementor-widget elementor-widget-text-editor\" data-id=\"0e41563\" data-element_type=\"widget\" data-widget_type=\"text-editor.default\">\n\t\t\t\t<div class=\"elementor-widget-container\">\n\t\t\t\t\t\t\t\t<div class=\"elementor-text-editor elementor-clearfix\">\n\t\t\t\t<p>La empresa brindar\u00e1 capacitaciones a los trabajadores en temas relacionados como Primeros auxilios, manejo de Residuos S\u00f3lidos, Brigadas de Emergencias, servicio al cliente y dem\u00e1s que ser\u00e1n realizadas y certificadas por entidades como la ARL Positiva y el Sena.<\/p>\t\t\t\t\t<\/div>\n\t\t\t\t\t\t<\/div>\n\t\t\t\t<\/div>\n\t\t\t\t\t\t<\/div>\n\t\t\t\t\t<\/div>\n\t\t<\/div>\n\t\t\t\t\t\t\t\t<\/div>\n\t\t\t\t\t<\/div>\n\t\t<\/section>\n\t\t\t\t<section class=\"elementor-section elementor-top-section elementor-element elementor-element-74c09be elementor-section-boxed elementor-section-height-default elementor-section-height-default\" data-id=\"74c09be\" data-element_type=\"section\">\n\t\t\t\t\t\t<div class=\"elementor-container elementor-column-gap-default\">\n\t\t\t\t\t\t\t<div class=\"elementor-row\">\n\t\t\t\t\t<div class=\"elementor-column elementor-col-50 elementor-top-column elementor-element elementor-element-cfa4b75\" data-id=\"cfa4b75\" data-element_type=\"column\">\n\t\t\t<div class=\"elementor-column-wrap elementor-element-populated\">\n\t\t\t\t\t\t\t<div class=\"elementor-widget-wrap\">\n\t\t\t\t\t\t<div class=\"elementor-element elementor-element-028ccfb elementor-widget elementor-widget-image\" data-id=\"028ccfb\" data-element_type=\"widget\" data-widget_type=\"image.default\">\n\t\t\t\t<div class=\"elementor-widget-container\">\n\t\t\t\t\t\t\t\t<div class=\"elementor-image\">\n\t\t\t\t\t\t\t\t\t\t\t\t<img width=\"150\" height=\"150\" src=\"https:\/\/administraram.com.co\/wp-content\/uploads\/2023\/02\/SST-150x150.jpg\" class=\"attachment-thumbnail size-thumbnail\" alt=\"\" loading=\"lazy\" srcset=\"https:\/\/administraram.com.co\/wp-content\/uploads\/2023\/02\/SST.jpg 150w, https:\/\/administraram.com.co\/wp-content\/uploads\/2023\/02\/SST-120x120.jpg 120w, https:\/\/administraram.com.co\/wp-content\/uploads\/2023\/02\/SST-105x105.jpg 105w\" sizes=\"(max-width: 150px) 100vw, 150px\" \/>\t\t\t\t\t\t\t\t\t\t\t\t\t\t<\/div>\n\t\t\t\t\t\t<\/div>\n\t\t\t\t<\/div>\n\t\t\t\t<div class=\"elementor-element elementor-element-c0ea819 elementor-widget elementor-widget-heading\" data-id=\"c0ea819\" data-element_type=\"widget\" data-widget_type=\"heading.default\">\n\t\t\t\t<div class=\"elementor-widget-container\">\n\t\t\t<h2 class=\"elementor-heading-title elementor-size-default\">PROFESIONAL UNIVERSITARIO ESPECIALISTA EN SEGURIDAD Y SALUD EN EL TRABAJO<\/h2>\t\t<\/div>\n\t\t\t\t<\/div>\n\t\t\t\t<div class=\"elementor-element elementor-element-38dbcab elementor-widget elementor-widget-text-editor\" data-id=\"38dbcab\" data-element_type=\"widget\" data-widget_type=\"text-editor.default\">\n\t\t\t\t<div class=\"elementor-widget-container\">\n\t\t\t\t\t\t\t\t<div class=\"elementor-text-editor elementor-clearfix\">\n\t\t\t\t<p>Quien estar\u00e1 al frente del desarrollo del Sistema de Gesti\u00f3n de Seguridad y Salud en el Trabajo, Coordinando actividades de salud ocupacional, ambiente laboral, etc., con el interventor del contrato.<\/p><p>Adem\u00e1s, esta certificada como auditora HSEQ por BUREAU VERITAS.\u00a0 Dichos estudios le permiten ser capaz de identificar peligros en el sitio de trabajo, relacionados con el ambiente o condiciones de trabajo para controlar los riesgos asociados a dichos peligros.<\/p>\t\t\t\t\t<\/div>\n\t\t\t\t\t\t<\/div>\n\t\t\t\t<\/div>\n\t\t\t\t\t\t<\/div>\n\t\t\t\t\t<\/div>\n\t\t<\/div>\n\t\t\t\t<div class=\"elementor-column elementor-col-50 elementor-top-column elementor-element elementor-element-ddaec78\" data-id=\"ddaec78\" data-element_type=\"column\">\n\t\t\t<div class=\"elementor-column-wrap elementor-element-populated\">\n\t\t\t\t\t\t\t<div class=\"elementor-widget-wrap\">\n\t\t\t\t\t\t<div class=\"elementor-element elementor-element-6b1a5e0 elementor-widget elementor-widget-image\" data-id=\"6b1a5e0\" data-element_type=\"widget\" data-widget_type=\"image.default\">\n\t\t\t\t<div class=\"elementor-widget-container\">\n\t\t\t\t\t\t\t\t<div class=\"elementor-image\">\n\t\t\t\t\t\t\t\t\t\t\t\t<img width=\"150\" height=\"150\" src=\"https:\/\/administraram.com.co\/wp-content\/uploads\/2023\/02\/ALTURAS-150x150.jpg\" class=\"attachment-thumbnail size-thumbnail\" alt=\"\" loading=\"lazy\" srcset=\"https:\/\/administraram.com.co\/wp-content\/uploads\/2023\/02\/ALTURAS.jpg 150w, https:\/\/administraram.com.co\/wp-content\/uploads\/2023\/02\/ALTURAS-120x120.jpg 120w, https:\/\/administraram.com.co\/wp-content\/uploads\/2023\/02\/ALTURAS-105x105.jpg 105w\" sizes=\"(max-width: 150px) 100vw, 150px\" \/>\t\t\t\t\t\t\t\t\t\t\t\t\t\t<\/div>\n\t\t\t\t\t\t<\/div>\n\t\t\t\t<\/div>\n\t\t\t\t<div class=\"elementor-element elementor-element-1aab3a6 elementor-widget elementor-widget-heading\" data-id=\"1aab3a6\" data-element_type=\"widget\" data-widget_type=\"heading.default\">\n\t\t\t\t<div class=\"elementor-widget-container\">\n\t\t\t<h2 class=\"elementor-heading-title elementor-size-default\">COORDINADOR DE TRABAJO SEGURO EN ALTURAS<\/h2>\t\t<\/div>\n\t\t\t\t<\/div>\n\t\t\t\t<div class=\"elementor-element elementor-element-8f4737e elementor-widget elementor-widget-text-editor\" data-id=\"8f4737e\" data-element_type=\"widget\" data-widget_type=\"text-editor.default\">\n\t\t\t\t<div class=\"elementor-widget-container\">\n\t\t\t\t\t\t\t\t<div class=\"elementor-text-editor elementor-clearfix\">\n\t\t\t\t<p>La empresa cuenta con profesional certificado coordinador de trabajo seguro en alturas, con experiencia certificada.<\/p>\t\t\t\t\t<\/div>\n\t\t\t\t\t\t<\/div>\n\t\t\t\t<\/div>\n\t\t\t\t\t\t<\/div>\n\t\t\t\t\t<\/div>\n\t\t<\/div>\n\t\t\t\t\t\t\t\t<\/div>\n\t\t\t\t\t<\/div>\n\t\t<\/section>\n\t\t\t\t\t\t\t\t\t<\/div>\n\t\t\t<\/div>\n\t\t\t\t\t<\/div>\n\t\t","protected":false},"excerpt":{"rendered":"<p>Los valores agregados son servicios adicionales a los m\u00ednimos requeridos que solicita la entidad. Administra Ram Ltda., se compromete a prestar durante el desarrollo del contrato los siguientes servicios y elementos los cuales son un plus en el servicio sin costo adicional para la entidad contratante. OPORTUNIDAD DE RESPUESTA RAPIDA A A LAS SOLICITUDES DE<\/p>\n<p class=\"more-link\"><a href=\"https:\/\/administraram.com.co\/index.php\/valores-agregados\/\" class=\"themebutton\">Read More<\/a><\/p>\n","protected":false},"author":1,"featured_media":0,"parent":0,"menu_order":0,"comment_status":"closed","ping_status":"closed","template":"elementor_header_footer","meta":[],"_links":{"self":[{"href":"https:\/\/administraram.com.co\/index.php\/wp-json\/wp\/v2\/pages\/369"}],"collection":[{"href":"https:\/\/administraram.com.co\/index.php\/wp-json\/wp\/v2\/pages"}],"about":[{"href":"https:\/\/administraram.com.co\/index.php\/wp-json\/wp\/v2\/types\/page"}],"author":[{"embeddable":true,"href":"https:\/\/administraram.com.co\/index.php\/wp-json\/wp\/v2\/users\/1"}],"replies":[{"embeddable":true,"href":"https:\/\/administraram.com.co\/index.php\/wp-json\/wp\/v2\/comments?post=369"}],"version-history":[{"count":38,"href":"https:\/\/administraram.com.co\/index.php\/wp-json\/wp\/v2\/pages\/369\/revisions"}],"predecessor-version":[{"id":775,"href":"https:\/\/administraram.com.co\/index.php\/wp-json\/wp\/v2\/pages\/369\/revisions\/775"}],"wp:attachment":[{"href":"https:\/\/administraram.com.co\/index.php\/wp-json\/wp\/v2\/media?parent=369"}],"curies":[{"name":"wp","href":"https:\/\/api.w.org\/{rel}","templated":true}]}}