{"id":274,"date":"2019-04-26T14:02:52","date_gmt":"2019-04-26T14:02:52","guid":{"rendered":"http:\/\/administraram.com.co\/?page_id=274"},"modified":"2023-02-15T10:18:58","modified_gmt":"2023-02-15T15:18:58","slug":"servicios-especializados","status":"publish","type":"page","link":"https:\/\/administraram.com.co\/index.php\/servicios-especializados\/","title":{"rendered":"Servicios especializados"},"content":{"rendered":"\t\t<div data-elementor-type=\"wp-post\" data-elementor-id=\"274\" class=\"elementor elementor-274\">\n\t\t\t\t\t\t<div class=\"elementor-inner\">\n\t\t\t\t<div class=\"elementor-section-wrap\">\n\t\t\t\t\t\t\t\t\t<section class=\"elementor-section elementor-top-section elementor-element elementor-element-31a94c4 elementor-section-boxed elementor-section-height-default elementor-section-height-default\" data-id=\"31a94c4\" data-element_type=\"section\" data-settings=\"{&quot;background_background&quot;:&quot;classic&quot;}\">\n\t\t\t\t\t\t<div class=\"elementor-container elementor-column-gap-default\">\n\t\t\t\t\t\t\t<div class=\"elementor-row\">\n\t\t\t\t\t<div class=\"elementor-column elementor-col-100 elementor-top-column elementor-element elementor-element-df0bb9f\" data-id=\"df0bb9f\" data-element_type=\"column\">\n\t\t\t<div class=\"elementor-column-wrap elementor-element-populated\">\n\t\t\t\t\t\t\t<div class=\"elementor-widget-wrap\">\n\t\t\t\t\t\t<section class=\"elementor-section elementor-inner-section elementor-element elementor-element-41c24f6 elementor-section-boxed elementor-section-height-default elementor-section-height-default\" data-id=\"41c24f6\" data-element_type=\"section\" data-settings=\"{&quot;background_background&quot;:&quot;classic&quot;}\">\n\t\t\t\t\t\t<div class=\"elementor-container elementor-column-gap-default\">\n\t\t\t\t\t\t\t<div class=\"elementor-row\">\n\t\t\t\t\t<div class=\"elementor-column elementor-col-33 elementor-inner-column elementor-element elementor-element-9daf356\" data-id=\"9daf356\" data-element_type=\"column\">\n\t\t\t<div class=\"elementor-column-wrap elementor-element-populated\">\n\t\t\t\t\t\t\t<div class=\"elementor-widget-wrap\">\n\t\t\t\t\t\t<div class=\"elementor-element elementor-element-866c38b elementor-widget elementor-widget-image\" data-id=\"866c38b\" data-element_type=\"widget\" data-widget_type=\"image.default\">\n\t\t\t\t<div class=\"elementor-widget-container\">\n\t\t\t\t\t\t\t\t<div class=\"elementor-image\">\n\t\t\t\t\t\t\t\t\t\t\t\t<img width=\"1024\" height=\"540\" src=\"https:\/\/administraram.com.co\/wp-content\/uploads\/2019\/04\/enc3-1024x540.png\" class=\"attachment-large size-large\" alt=\"\" loading=\"lazy\" srcset=\"https:\/\/administraram.com.co\/wp-content\/uploads\/2019\/04\/enc3-1024x540.png 1024w, https:\/\/administraram.com.co\/wp-content\/uploads\/2019\/04\/enc3-300x158.png 300w, https:\/\/administraram.com.co\/wp-content\/uploads\/2019\/04\/enc3-768x405.png 768w, https:\/\/administraram.com.co\/wp-content\/uploads\/2019\/04\/enc3.png 1028w\" sizes=\"(max-width: 1024px) 100vw, 1024px\" \/>\t\t\t\t\t\t\t\t\t\t\t\t\t\t<\/div>\n\t\t\t\t\t\t<\/div>\n\t\t\t\t<\/div>\n\t\t\t\t<div class=\"elementor-element elementor-element-5074089 elementor-widget elementor-widget-heading\" data-id=\"5074089\" data-element_type=\"widget\" data-widget_type=\"heading.default\">\n\t\t\t\t<div class=\"elementor-widget-container\">\n\t\t\t<h2 class=\"elementor-heading-title elementor-size-default\">Servicio de Mantenimiento<\/h2>\t\t<\/div>\n\t\t\t\t<\/div>\n\t\t\t\t<div class=\"elementor-element elementor-element-bcfd70d elementor-widget elementor-widget-text-editor\" data-id=\"bcfd70d\" data-element_type=\"widget\" data-widget_type=\"text-editor.default\">\n\t\t\t\t<div class=\"elementor-widget-container\">\n\t\t\t\t\t\t\t\t<div class=\"elementor-text-editor elementor-clearfix\">\n\t\t\t\t<p align= \"justify\">Garantizar un adecuado funcionamiento en las instalaciones, el\u00e9ctricas, hidr\u00e1ulicas, sanitarias y locativas para conservar el patrimonio, evitando las molestias que generan las aver\u00edas en las instalaciones, las suspensiones de los servicios y las obras imprevistas de reparaci\u00f3n.\t\t\t\t\t<\/div>\n\t\t\t\t\t\t<\/div>\n\t\t\t\t<\/div>\n\t\t\t\t\t\t<\/div>\n\t\t\t\t\t<\/div>\n\t\t<\/div>\n\t\t\t\t<div class=\"elementor-column elementor-col-33 elementor-inner-column elementor-element elementor-element-04cbb25\" data-id=\"04cbb25\" data-element_type=\"column\">\n\t\t\t<div class=\"elementor-column-wrap elementor-element-populated\">\n\t\t\t\t\t\t\t<div class=\"elementor-widget-wrap\">\n\t\t\t\t\t\t<div class=\"elementor-element elementor-element-0a166d3 elementor-widget elementor-widget-image\" data-id=\"0a166d3\" data-element_type=\"widget\" data-widget_type=\"image.default\">\n\t\t\t\t<div class=\"elementor-widget-container\">\n\t\t\t\t\t\t\t\t<div class=\"elementor-image\">\n\t\t\t\t\t\t\t\t\t\t\t\t<img width=\"600\" height=\"310\" src=\"https:\/\/administraram.com.co\/wp-content\/uploads\/2019\/05\/limpia-vidrios.png\" class=\"attachment-large size-large\" alt=\"\" loading=\"lazy\" srcset=\"https:\/\/administraram.com.co\/wp-content\/uploads\/2019\/05\/limpia-vidrios.png 600w, https:\/\/administraram.com.co\/wp-content\/uploads\/2019\/05\/limpia-vidrios-300x155.png 300w\" sizes=\"(max-width: 600px) 100vw, 600px\" \/>\t\t\t\t\t\t\t\t\t\t\t\t\t\t<\/div>\n\t\t\t\t\t\t<\/div>\n\t\t\t\t<\/div>\n\t\t\t\t<div class=\"elementor-element elementor-element-fe7067e elementor-widget elementor-widget-heading\" data-id=\"fe7067e\" data-element_type=\"widget\" data-widget_type=\"heading.default\">\n\t\t\t\t<div class=\"elementor-widget-container\">\n\t\t\t<h2 class=\"elementor-heading-title elementor-size-default\">Limpieza de Vidrios<\/h2>\t\t<\/div>\n\t\t\t\t<\/div>\n\t\t\t\t<div class=\"elementor-element elementor-element-0da5dff elementor-widget elementor-widget-text-editor\" data-id=\"0da5dff\" data-element_type=\"widget\" data-widget_type=\"text-editor.default\">\n\t\t\t\t<div class=\"elementor-widget-container\">\n\t\t\t\t\t\t\t\t<div class=\"elementor-text-editor elementor-clearfix\">\n\t\t\t\t<p align=\"justify\">Administra Ram Ltda, presta servicios de limpieza de vidrios de sus instalaciones,\ntanto internos como externos, utilizando equipos que permiten el desarrollo\nadecuado de esta labor.<\/p>\t\t\t\t\t<\/div>\n\t\t\t\t\t\t<\/div>\n\t\t\t\t<\/div>\n\t\t\t\t\t\t<\/div>\n\t\t\t\t\t<\/div>\n\t\t<\/div>\n\t\t\t\t<div class=\"elementor-column elementor-col-33 elementor-inner-column elementor-element elementor-element-a187042\" data-id=\"a187042\" data-element_type=\"column\">\n\t\t\t<div class=\"elementor-column-wrap elementor-element-populated\">\n\t\t\t\t\t\t\t<div class=\"elementor-widget-wrap\">\n\t\t\t\t\t\t<div class=\"elementor-element elementor-element-9465987 elementor-widget elementor-widget-image\" data-id=\"9465987\" data-element_type=\"widget\" data-widget_type=\"image.default\">\n\t\t\t\t<div class=\"elementor-widget-container\">\n\t\t\t\t\t\t\t\t<div class=\"elementor-image\">\n\t\t\t\t\t\t\t\t\t\t\t\t<img width=\"600\" height=\"310\" src=\"https:\/\/administraram.com.co\/wp-content\/uploads\/2023\/02\/jardin-1.jpg\" class=\"attachment-large size-large\" alt=\"\" loading=\"lazy\" srcset=\"https:\/\/administraram.com.co\/wp-content\/uploads\/2023\/02\/jardin-1.jpg 600w, https:\/\/administraram.com.co\/wp-content\/uploads\/2023\/02\/jardin-1-300x155.jpg 300w\" sizes=\"(max-width: 600px) 100vw, 600px\" \/>\t\t\t\t\t\t\t\t\t\t\t\t\t\t<\/div>\n\t\t\t\t\t\t<\/div>\n\t\t\t\t<\/div>\n\t\t\t\t<div class=\"elementor-element elementor-element-ba920b1 elementor-widget elementor-widget-heading\" data-id=\"ba920b1\" data-element_type=\"widget\" data-widget_type=\"heading.default\">\n\t\t\t\t<div class=\"elementor-widget-container\">\n\t\t\t<h2 class=\"elementor-heading-title elementor-size-default\">Servicio de Jardiner\u00eda<\/h2>\t\t<\/div>\n\t\t\t\t<\/div>\n\t\t\t\t<div class=\"elementor-element elementor-element-b91c432 elementor-widget elementor-widget-text-editor\" data-id=\"b91c432\" data-element_type=\"widget\" data-widget_type=\"text-editor.default\">\n\t\t\t\t<div class=\"elementor-widget-container\">\n\t\t\t\t\t\t\t\t<div class=\"elementor-text-editor elementor-clearfix\">\n\t\t\t\t<p align=\"justify\">Contamos con personal especializado en jardiner\u00eda para realizar labores de mantenimiento de jardines y zonas verdes.<br \/>Tambi\u00e9n le ofrecemos servicio de mantenimiento interior o exterior, para conservar en \u00f3ptimo estado las \u00e1reas de jardiner\u00eda, as\u00ed como trabajos especiales de poda, fumigaci\u00f3n y fertilizaci\u00f3n sin importar las extensiones de \u00e1rea.<\/p>\t\t\t\t\t<\/div>\n\t\t\t\t\t\t<\/div>\n\t\t\t\t<\/div>\n\t\t\t\t\t\t<\/div>\n\t\t\t\t\t<\/div>\n\t\t<\/div>\n\t\t\t\t\t\t\t\t<\/div>\n\t\t\t\t\t<\/div>\n\t\t<\/section>\n\t\t\t\t<section class=\"elementor-section elementor-inner-section elementor-element elementor-element-9eb1296 elementor-section-boxed elementor-section-height-default elementor-section-height-default\" data-id=\"9eb1296\" data-element_type=\"section\" data-settings=\"{&quot;background_background&quot;:&quot;classic&quot;}\">\n\t\t\t\t\t\t<div class=\"elementor-container elementor-column-gap-default\">\n\t\t\t\t\t\t\t<div class=\"elementor-row\">\n\t\t\t\t\t<div class=\"elementor-column elementor-col-33 elementor-inner-column elementor-element elementor-element-6a7a92f\" data-id=\"6a7a92f\" data-element_type=\"column\">\n\t\t\t<div class=\"elementor-column-wrap elementor-element-populated\">\n\t\t\t\t\t\t\t<div class=\"elementor-widget-wrap\">\n\t\t\t\t\t\t<div class=\"elementor-element elementor-element-83aa86e elementor-widget elementor-widget-image\" data-id=\"83aa86e\" data-element_type=\"widget\" data-widget_type=\"image.default\">\n\t\t\t\t<div class=\"elementor-widget-container\">\n\t\t\t\t\t\t\t\t<div class=\"elementor-image\">\n\t\t\t\t\t\t\t\t\t\t\t\t<img width=\"589\" height=\"310\" src=\"https:\/\/administraram.com.co\/wp-content\/uploads\/2019\/05\/limpia-alfombras.png\" class=\"attachment-large size-large\" alt=\"\" loading=\"lazy\" srcset=\"https:\/\/administraram.com.co\/wp-content\/uploads\/2019\/05\/limpia-alfombras.png 589w, https:\/\/administraram.com.co\/wp-content\/uploads\/2019\/05\/limpia-alfombras-300x158.png 300w\" sizes=\"(max-width: 589px) 100vw, 589px\" \/>\t\t\t\t\t\t\t\t\t\t\t\t\t\t<\/div>\n\t\t\t\t\t\t<\/div>\n\t\t\t\t<\/div>\n\t\t\t\t<div class=\"elementor-element elementor-element-873a88d elementor-widget elementor-widget-heading\" data-id=\"873a88d\" data-element_type=\"widget\" data-widget_type=\"heading.default\">\n\t\t\t\t<div class=\"elementor-widget-container\">\n\t\t\t<h2 class=\"elementor-heading-title elementor-size-default\">Cuidado de Alfombras<\/h2>\t\t<\/div>\n\t\t\t\t<\/div>\n\t\t\t\t<div class=\"elementor-element elementor-element-7b49a4f elementor-widget elementor-widget-text-editor\" data-id=\"7b49a4f\" data-element_type=\"widget\" data-widget_type=\"text-editor.default\">\n\t\t\t\t<div class=\"elementor-widget-container\">\n\t\t\t\t\t\t\t\t<div class=\"elementor-text-editor elementor-clearfix\">\n\t\t\t\t<p align=\"justify\">Nuestro servicio de limpieza de alfombras se ofrece tanto a empresas y particulares. Para este servicio\nutilizamos m\u00e1quinas y algunas t\u00e9cnicas para conseguir que la alfombra en cuesti\u00f3n quede impoluta.<\/p>\t\t\t\t\t<\/div>\n\t\t\t\t\t\t<\/div>\n\t\t\t\t<\/div>\n\t\t\t\t\t\t<\/div>\n\t\t\t\t\t<\/div>\n\t\t<\/div>\n\t\t\t\t<div class=\"elementor-column elementor-col-33 elementor-inner-column elementor-element elementor-element-470b677\" data-id=\"470b677\" data-element_type=\"column\">\n\t\t\t<div class=\"elementor-column-wrap elementor-element-populated\">\n\t\t\t\t\t\t\t<div class=\"elementor-widget-wrap\">\n\t\t\t\t\t\t<div class=\"elementor-element elementor-element-417d02f elementor-widget elementor-widget-image\" data-id=\"417d02f\" data-element_type=\"widget\" data-widget_type=\"image.default\">\n\t\t\t\t<div class=\"elementor-widget-container\">\n\t\t\t\t\t\t\t\t<div class=\"elementor-image\">\n\t\t\t\t\t\t\t\t\t\t\t\t<img width=\"589\" height=\"311\" src=\"https:\/\/administraram.com.co\/wp-content\/uploads\/2019\/05\/limpia-pisos.png\" class=\"attachment-large size-large\" alt=\"\" loading=\"lazy\" srcset=\"https:\/\/administraram.com.co\/wp-content\/uploads\/2019\/05\/limpia-pisos.png 589w, https:\/\/administraram.com.co\/wp-content\/uploads\/2019\/05\/limpia-pisos-300x158.png 300w\" sizes=\"(max-width: 589px) 100vw, 589px\" \/>\t\t\t\t\t\t\t\t\t\t\t\t\t\t<\/div>\n\t\t\t\t\t\t<\/div>\n\t\t\t\t<\/div>\n\t\t\t\t<div class=\"elementor-element elementor-element-9e66053 elementor-widget elementor-widget-heading\" data-id=\"9e66053\" data-element_type=\"widget\" data-widget_type=\"heading.default\">\n\t\t\t\t<div class=\"elementor-widget-container\">\n\t\t\t<h2 class=\"elementor-heading-title elementor-size-default\">Mantenimiento De Pisos<\/h2>\t\t<\/div>\n\t\t\t\t<\/div>\n\t\t\t\t<div class=\"elementor-element elementor-element-d850cc0 elementor-widget elementor-widget-text-editor\" data-id=\"d850cc0\" data-element_type=\"widget\" data-widget_type=\"text-editor.default\">\n\t\t\t\t<div class=\"elementor-widget-container\">\n\t\t\t\t\t\t\t\t<div class=\"elementor-text-editor elementor-clearfix\">\n\t\t\t\t<p align=\"justify\">Administra Ram realiza diferentes tratamientos para Limpieza,\u00a0<span style=\"font-size: 14px;\">brillado, sellado y cristalizado, cuidando de pisos de con personal y\u00a0<\/span><span style=\"font-size: 14px;\">equipos especializados en grandes \u00e1reas.<\/span><\/p>\t\t\t\t\t<\/div>\n\t\t\t\t\t\t<\/div>\n\t\t\t\t<\/div>\n\t\t\t\t\t\t<\/div>\n\t\t\t\t\t<\/div>\n\t\t<\/div>\n\t\t\t\t<div class=\"elementor-column elementor-col-33 elementor-inner-column elementor-element elementor-element-0971309\" data-id=\"0971309\" data-element_type=\"column\">\n\t\t\t<div class=\"elementor-column-wrap elementor-element-populated\">\n\t\t\t\t\t\t\t<div class=\"elementor-widget-wrap\">\n\t\t\t\t\t\t<div class=\"elementor-element elementor-element-f9864c5 elementor-widget elementor-widget-image\" data-id=\"f9864c5\" data-element_type=\"widget\" data-widget_type=\"image.default\">\n\t\t\t\t<div class=\"elementor-widget-container\">\n\t\t\t\t\t\t\t\t<div class=\"elementor-image\">\n\t\t\t\t\t\t\t\t\t\t\t\t<img width=\"588\" height=\"311\" src=\"https:\/\/administraram.com.co\/wp-content\/uploads\/2019\/05\/limpia-obras.png\" class=\"attachment-large size-large\" alt=\"\" loading=\"lazy\" srcset=\"https:\/\/administraram.com.co\/wp-content\/uploads\/2019\/05\/limpia-obras.png 588w, https:\/\/administraram.com.co\/wp-content\/uploads\/2019\/05\/limpia-obras-300x159.png 300w\" sizes=\"(max-width: 588px) 100vw, 588px\" \/>\t\t\t\t\t\t\t\t\t\t\t\t\t\t<\/div>\n\t\t\t\t\t\t<\/div>\n\t\t\t\t<\/div>\n\t\t\t\t<div class=\"elementor-element elementor-element-5bc46d5 elementor-widget elementor-widget-heading\" data-id=\"5bc46d5\" data-element_type=\"widget\" data-widget_type=\"heading.default\">\n\t\t\t\t<div class=\"elementor-widget-container\">\n\t\t\t<h2 class=\"elementor-heading-title elementor-size-default\">Limpieza Fin De Obra<\/h2>\t\t<\/div>\n\t\t\t\t<\/div>\n\t\t\t\t<div class=\"elementor-element elementor-element-b49a002 elementor-widget elementor-widget-text-editor\" data-id=\"b49a002\" data-element_type=\"widget\" data-widget_type=\"text-editor.default\">\n\t\t\t\t<div class=\"elementor-widget-container\">\n\t\t\t\t\t\t\t\t<div class=\"elementor-text-editor elementor-clearfix\">\n\t\t\t\t<p align=\"justify\">Despu\u00e9s de realizar obras en su casa, oficina o comercio es imprescindible realizar una buena limpieza e\u00a0<span style=\"font-size: 14px;\">higienizaci\u00f3n del lugar.<\/span><\/p>\t\t\t\t\t<\/div>\n\t\t\t\t\t\t<\/div>\n\t\t\t\t<\/div>\n\t\t\t\t\t\t<\/div>\n\t\t\t\t\t<\/div>\n\t\t<\/div>\n\t\t\t\t\t\t\t\t<\/div>\n\t\t\t\t\t<\/div>\n\t\t<\/section>\n\t\t\t\t<section class=\"elementor-section elementor-inner-section elementor-element elementor-element-d5ff2d0 elementor-section-boxed elementor-section-height-default elementor-section-height-default\" data-id=\"d5ff2d0\" data-element_type=\"section\" data-settings=\"{&quot;background_background&quot;:&quot;classic&quot;}\">\n\t\t\t\t\t\t<div class=\"elementor-container elementor-column-gap-default\">\n\t\t\t\t\t\t\t<div class=\"elementor-row\">\n\t\t\t\t\t<div class=\"elementor-column elementor-col-33 elementor-inner-column elementor-element elementor-element-9a105ae\" data-id=\"9a105ae\" data-element_type=\"column\">\n\t\t\t<div class=\"elementor-column-wrap elementor-element-populated\">\n\t\t\t\t\t\t\t<div class=\"elementor-widget-wrap\">\n\t\t\t\t\t\t<div class=\"elementor-element elementor-element-eca4194 elementor-widget elementor-widget-image\" data-id=\"eca4194\" data-element_type=\"widget\" data-widget_type=\"image.default\">\n\t\t\t\t<div class=\"elementor-widget-container\">\n\t\t\t\t\t\t\t\t<div class=\"elementor-image\">\n\t\t\t\t\t\t\t\t\t\t\t\t<img width=\"589\" height=\"311\" src=\"https:\/\/administraram.com.co\/wp-content\/uploads\/2019\/04\/desinfecci\u00f3n.png\" class=\"attachment-large size-large\" alt=\"\" loading=\"lazy\" srcset=\"https:\/\/administraram.com.co\/wp-content\/uploads\/2019\/04\/desinfecci\u00f3n.png 589w, https:\/\/administraram.com.co\/wp-content\/uploads\/2019\/04\/desinfecci\u00f3n-300x158.png 300w\" sizes=\"(max-width: 589px) 100vw, 589px\" \/>\t\t\t\t\t\t\t\t\t\t\t\t\t\t<\/div>\n\t\t\t\t\t\t<\/div>\n\t\t\t\t<\/div>\n\t\t\t\t<div class=\"elementor-element elementor-element-c7e7c96 elementor-widget elementor-widget-heading\" data-id=\"c7e7c96\" data-element_type=\"widget\" data-widget_type=\"heading.default\">\n\t\t\t\t<div class=\"elementor-widget-container\">\n\t\t\t<h2 class=\"elementor-heading-title elementor-size-default\">Aseo, Mantenimiento y Desinfecci\u00f3n de \u00c1reas\nHospitalarias<\/h2>\t\t<\/div>\n\t\t\t\t<\/div>\n\t\t\t\t<div class=\"elementor-element elementor-element-8854a94 elementor-widget elementor-widget-text-editor\" data-id=\"8854a94\" data-element_type=\"widget\" data-widget_type=\"text-editor.default\">\n\t\t\t\t<div class=\"elementor-widget-container\">\n\t\t\t\t\t\t\t\t<div class=\"elementor-text-editor elementor-clearfix\">\n\t\t\t\t<p align=\"justify\">El servicio de aseo y desinfecci\u00f3n en el sector Hospitalario es un rengl\u00f3n important\u00edsimo para Administra Ram. La empresa consiente de la complejidad de este tipo de servicios, a trav\u00e9s de los a\u00f1os ha capacitado al personal para prestar un servicio calificado y especializado en diferentes centros m\u00e9dicos, Hospitales y Cl\u00ednicas por m\u00e1s de 20 a\u00f1os.<br \/>Nuestra experiencia en desinfecci\u00f3n hospitalaria, manejo de desechos biol\u00f3gicos, ordinarios y reciclables, han contribuido a que nuestros clientes obtengan la certificaci\u00f3n de hospitales verdes.<\/p>\t\t\t\t\t<\/div>\n\t\t\t\t\t\t<\/div>\n\t\t\t\t<\/div>\n\t\t\t\t\t\t<\/div>\n\t\t\t\t\t<\/div>\n\t\t<\/div>\n\t\t\t\t<div class=\"elementor-column elementor-col-33 elementor-inner-column elementor-element elementor-element-c76aa18\" data-id=\"c76aa18\" data-element_type=\"column\">\n\t\t\t<div class=\"elementor-column-wrap elementor-element-populated\">\n\t\t\t\t\t\t\t<div class=\"elementor-widget-wrap\">\n\t\t\t\t\t\t<div class=\"elementor-element elementor-element-13e0f99 elementor-widget elementor-widget-image\" data-id=\"13e0f99\" data-element_type=\"widget\" data-widget_type=\"image.default\">\n\t\t\t\t<div class=\"elementor-widget-container\">\n\t\t\t\t\t\t\t\t<div class=\"elementor-image\">\n\t\t\t\t\t\t\t\t\t\t\t\t<img width=\"588\" height=\"310\" src=\"https:\/\/administraram.com.co\/wp-content\/uploads\/2019\/05\/plagas.png\" class=\"attachment-large size-large\" alt=\"\" loading=\"lazy\" srcset=\"https:\/\/administraram.com.co\/wp-content\/uploads\/2019\/05\/plagas.png 588w, https:\/\/administraram.com.co\/wp-content\/uploads\/2019\/05\/plagas-300x158.png 300w\" sizes=\"(max-width: 588px) 100vw, 588px\" \/>\t\t\t\t\t\t\t\t\t\t\t\t\t\t<\/div>\n\t\t\t\t\t\t<\/div>\n\t\t\t\t<\/div>\n\t\t\t\t<div class=\"elementor-element elementor-element-7bf5775 elementor-widget elementor-widget-heading\" data-id=\"7bf5775\" data-element_type=\"widget\" data-widget_type=\"heading.default\">\n\t\t\t\t<div class=\"elementor-widget-container\">\n\t\t\t<h2 class=\"elementor-heading-title elementor-size-default\">Control de Plagas y Servicios de Higiene Sanitaria<\/h2>\t\t<\/div>\n\t\t\t\t<\/div>\n\t\t\t\t<div class=\"elementor-element elementor-element-f386fd3 elementor-widget elementor-widget-text-editor\" data-id=\"f386fd3\" data-element_type=\"widget\" data-widget_type=\"text-editor.default\">\n\t\t\t\t<div class=\"elementor-widget-container\">\n\t\t\t\t\t\t\t\t<div class=\"elementor-text-editor elementor-clearfix\">\n\t\t\t\t<ul><li>Desinfecci\u00f3n, desratizaci\u00f3n, desinsectaci\u00f3n (DDD).3<\/li><li>Control Integrado de plagas por procedimientos que minimizan el uso de biocidas y su impacto medioambiental.<\/li><li>Nos adaptamos a la problem\u00e1tica especial de cada cliente para encontrar el sistema m\u00e1s eficaz para<br \/>la eliminaci\u00f3n de la plaga,<\/li><\/ul>\t\t\t\t\t<\/div>\n\t\t\t\t\t\t<\/div>\n\t\t\t\t<\/div>\n\t\t\t\t\t\t<\/div>\n\t\t\t\t\t<\/div>\n\t\t<\/div>\n\t\t\t\t<div class=\"elementor-column elementor-col-33 elementor-inner-column elementor-element elementor-element-8476481\" data-id=\"8476481\" data-element_type=\"column\">\n\t\t\t<div class=\"elementor-column-wrap elementor-element-populated\">\n\t\t\t\t\t\t\t<div class=\"elementor-widget-wrap\">\n\t\t\t\t\t\t<div class=\"elementor-element elementor-element-8c197bf elementor-widget elementor-widget-image\" data-id=\"8c197bf\" data-element_type=\"widget\" data-widget_type=\"image.default\">\n\t\t\t\t<div class=\"elementor-widget-container\">\n\t\t\t\t\t\t\t\t<div class=\"elementor-image\">\n\t\t\t\t\t\t\t\t\t\t\t\t<img width=\"588\" height=\"310\" src=\"https:\/\/administraram.com.co\/wp-content\/uploads\/2019\/05\/limpia-tanques.png\" class=\"attachment-large size-large\" alt=\"\" loading=\"lazy\" srcset=\"https:\/\/administraram.com.co\/wp-content\/uploads\/2019\/05\/limpia-tanques.png 588w, https:\/\/administraram.com.co\/wp-content\/uploads\/2019\/05\/limpia-tanques-300x158.png 300w\" sizes=\"(max-width: 588px) 100vw, 588px\" \/>\t\t\t\t\t\t\t\t\t\t\t\t\t\t<\/div>\n\t\t\t\t\t\t<\/div>\n\t\t\t\t<\/div>\n\t\t\t\t<div class=\"elementor-element elementor-element-98a0952 elementor-widget elementor-widget-heading\" data-id=\"98a0952\" data-element_type=\"widget\" data-widget_type=\"heading.default\">\n\t\t\t\t<div class=\"elementor-widget-container\">\n\t\t\t<h2 class=\"elementor-heading-title elementor-size-default\">Lavado y Desinfecci\u00f3n de Tanques para almacenamiento de agua potable<\/h2>\t\t<\/div>\n\t\t\t\t<\/div>\n\t\t\t\t<div class=\"elementor-element elementor-element-6f8f8af elementor-widget elementor-widget-text-editor\" data-id=\"6f8f8af\" data-element_type=\"widget\" data-widget_type=\"text-editor.default\">\n\t\t\t\t<div class=\"elementor-widget-container\">\n\t\t\t\t\t\t\t\t<div class=\"elementor-text-editor elementor-clearfix\">\n\t\t\t\t<p align=\"justify\">Decreto 1575 del 9 de Mayo de 2007 establece que los tanques para almacenamiento de agua potable deben lavarse y desinfectarse m\u00ednimo cada seis meses.<br \/>El trabajo es realizado por personal capacitado y entrenado, que conoce las Normas de Higiene y Seguridad Industrial.<br \/>El Protocolo contempla las etapas, de Vaciado, Limpieza de Residuos del Tanque Restregado, Enjuague final y Desinfecci\u00f3n.<br \/>Los productos empleados para estos procedimientos est\u00e1n permitidos y garantizados.<\/p>\t\t\t\t\t<\/div>\n\t\t\t\t\t\t<\/div>\n\t\t\t\t<\/div>\n\t\t\t\t\t\t<\/div>\n\t\t\t\t\t<\/div>\n\t\t<\/div>\n\t\t\t\t\t\t\t\t<\/div>\n\t\t\t\t\t<\/div>\n\t\t<\/section>\n\t\t\t\t\t\t<\/div>\n\t\t\t\t\t<\/div>\n\t\t<\/div>\n\t\t\t\t\t\t\t\t<\/div>\n\t\t\t\t\t<\/div>\n\t\t<\/section>\n\t\t\t\t\t\t\t\t\t<\/div>\n\t\t\t<\/div>\n\t\t\t\t\t<\/div>\n\t\t","protected":false},"excerpt":{"rendered":"<p>Servicio de Mantenimiento Garantizar un adecuado funcionamiento en las instalaciones, el\u00e9ctricas, hidr\u00e1ulicas, sanitarias y locativas para conservar el patrimonio, evitando las molestias que generan las aver\u00edas en las instalaciones, las suspensiones de los servicios y las obras imprevistas de reparaci\u00f3n. Limpieza de Vidrios Administra Ram Ltda, presta servicios de limpieza de vidrios de sus instalaciones,<\/p>\n<p class=\"more-link\"><a href=\"https:\/\/administraram.com.co\/index.php\/servicios-especializados\/\" class=\"themebutton\">Read More<\/a><\/p>\n","protected":false},"author":1,"featured_media":0,"parent":0,"menu_order":0,"comment_status":"closed","ping_status":"closed","template":"elementor_header_footer","meta":[],"_links":{"self":[{"href":"https:\/\/administraram.com.co\/index.php\/wp-json\/wp\/v2\/pages\/274"}],"collection":[{"href":"https:\/\/administraram.com.co\/index.php\/wp-json\/wp\/v2\/pages"}],"about":[{"href":"https:\/\/administraram.com.co\/index.php\/wp-json\/wp\/v2\/types\/page"}],"author":[{"embeddable":true,"href":"https:\/\/administraram.com.co\/index.php\/wp-json\/wp\/v2\/users\/1"}],"replies":[{"embeddable":true,"href":"https:\/\/administraram.com.co\/index.php\/wp-json\/wp\/v2\/comments?post=274"}],"version-history":[{"count":28,"href":"https:\/\/administraram.com.co\/index.php\/wp-json\/wp\/v2\/pages\/274\/revisions"}],"predecessor-version":[{"id":737,"href":"https:\/\/administraram.com.co\/index.php\/wp-json\/wp\/v2\/pages\/274\/revisions\/737"}],"wp:attachment":[{"href":"https:\/\/administraram.com.co\/index.php\/wp-json\/wp\/v2\/media?parent=274"}],"curies":[{"name":"wp","href":"https:\/\/api.w.org\/{rel}","templated":true}]}}