{"id":232,"date":"2019-04-25T14:36:15","date_gmt":"2019-04-25T14:36:15","guid":{"rendered":"http:\/\/administraram.com.co\/?page_id=232"},"modified":"2021-12-04T13:15:34","modified_gmt":"2021-12-04T18:15:34","slug":"entorno-social","status":"publish","type":"page","link":"https:\/\/administraram.com.co\/index.php\/entorno-social\/","title":{"rendered":"Entorno social"},"content":{"rendered":"\t\t<div data-elementor-type=\"wp-post\" data-elementor-id=\"232\" class=\"elementor elementor-232\">\n\t\t\t\t\t\t<div class=\"elementor-inner\">\n\t\t\t\t<div class=\"elementor-section-wrap\">\n\t\t\t\t\t\t\t\t\t<section class=\"elementor-section elementor-top-section elementor-element elementor-element-150bf98 elementor-section-boxed elementor-section-height-default elementor-section-height-default\" data-id=\"150bf98\" data-element_type=\"section\" data-settings=\"{&quot;background_background&quot;:&quot;classic&quot;}\">\n\t\t\t\t\t\t<div class=\"elementor-container elementor-column-gap-default\">\n\t\t\t\t\t\t\t<div class=\"elementor-row\">\n\t\t\t\t\t<div class=\"elementor-column elementor-col-100 elementor-top-column elementor-element elementor-element-57257f2\" data-id=\"57257f2\" data-element_type=\"column\">\n\t\t\t<div class=\"elementor-column-wrap elementor-element-populated\">\n\t\t\t\t\t\t\t<div class=\"elementor-widget-wrap\">\n\t\t\t\t\t\t<section class=\"elementor-section elementor-inner-section elementor-element elementor-element-08b2b29 elementor-section-boxed elementor-section-height-default elementor-section-height-default\" data-id=\"08b2b29\" data-element_type=\"section\">\n\t\t\t\t\t\t<div class=\"elementor-container elementor-column-gap-default\">\n\t\t\t\t\t\t\t<div class=\"elementor-row\">\n\t\t\t\t\t<div class=\"elementor-column elementor-col-33 elementor-inner-column elementor-element elementor-element-2f4d566\" data-id=\"2f4d566\" data-element_type=\"column\">\n\t\t\t<div class=\"elementor-column-wrap elementor-element-populated\">\n\t\t\t\t\t\t\t<div class=\"elementor-widget-wrap\">\n\t\t\t\t\t\t<div class=\"elementor-element elementor-element-f4848d0 elementor-widget elementor-widget-image\" data-id=\"f4848d0\" data-element_type=\"widget\" data-widget_type=\"image.default\">\n\t\t\t\t<div class=\"elementor-widget-container\">\n\t\t\t\t\t\t\t\t<div class=\"elementor-image\">\n\t\t\t\t\t\t\t\t\t\t\t\t<img width=\"509\" height=\"379\" src=\"https:\/\/administraram.com.co\/wp-content\/uploads\/2019\/04\/poli-2.jpg\" class=\"attachment-full size-full\" alt=\"\" loading=\"lazy\" srcset=\"https:\/\/administraram.com.co\/wp-content\/uploads\/2019\/04\/poli-2.jpg 509w, https:\/\/administraram.com.co\/wp-content\/uploads\/2019\/04\/poli-2-300x223.jpg 300w\" sizes=\"(max-width: 509px) 100vw, 509px\" \/>\t\t\t\t\t\t\t\t\t\t\t\t\t\t<\/div>\n\t\t\t\t\t\t<\/div>\n\t\t\t\t<\/div>\n\t\t\t\t\t\t<\/div>\n\t\t\t\t\t<\/div>\n\t\t<\/div>\n\t\t\t\t<div class=\"elementor-column elementor-col-33 elementor-inner-column elementor-element elementor-element-1fd01a7\" data-id=\"1fd01a7\" data-element_type=\"column\">\n\t\t\t<div class=\"elementor-column-wrap elementor-element-populated\">\n\t\t\t\t\t\t\t<div class=\"elementor-widget-wrap\">\n\t\t\t\t\t\t<div class=\"elementor-element elementor-element-b9ef759 elementor-widget elementor-widget-heading\" data-id=\"b9ef759\" data-element_type=\"widget\" data-widget_type=\"heading.default\">\n\t\t\t\t<div class=\"elementor-widget-container\">\n\t\t\t<h2 class=\"elementor-heading-title elementor-size-default\">Pol\u00edticas del Medio Ambiente<\/h2>\t\t<\/div>\n\t\t\t\t<\/div>\n\t\t\t\t<div class=\"elementor-element elementor-element-eed31be elementor-widget elementor-widget-text-editor\" data-id=\"eed31be\" data-element_type=\"widget\" data-widget_type=\"text-editor.default\">\n\t\t\t\t<div class=\"elementor-widget-container\">\n\t\t\t\t\t\t\t\t<div class=\"elementor-text-editor elementor-clearfix\">\n\t\t\t\t<p align=\"justify\">ADMINISTRA RAM LTDA. A trav\u00e9s de la alta gerencia se compromete con realizar y desarrollar sus procesos, dentro de un marco de preservaci\u00f3n del medio ambiente, cumpliendo la legislaci\u00f3n, reglamentaci\u00f3n ambiental aplicable y los requisitos que la empresa considere necesarios para tal fin, promoviendo y concientizando al personal sobre la importancia del impacto de sus actividades en el medio, y motiv\u00e1ndolo a identificar, informar y controlar los aspectos que de ellas se derivan. Es deber de todos los trabajadores de ADMINISTRA RAM, respetar y aplicar las medidas necesarias para mantener equilibrio en el medio ambiente y compartir cualquier oportunidad de mejora, en el desempe\u00f1o de la labor aprovechando eficientemente los recursos naturales que nos ofrece el entorno.<\/p>\t\t\t\t\t<\/div>\n\t\t\t\t\t\t<\/div>\n\t\t\t\t<\/div>\n\t\t\t\t\t\t<\/div>\n\t\t\t\t\t<\/div>\n\t\t<\/div>\n\t\t\t\t<div class=\"elementor-column elementor-col-33 elementor-inner-column elementor-element elementor-element-d20b4e9\" data-id=\"d20b4e9\" data-element_type=\"column\">\n\t\t\t<div class=\"elementor-column-wrap\">\n\t\t\t\t\t\t\t<div class=\"elementor-widget-wrap\">\n\t\t\t\t\t\t\t\t<\/div>\n\t\t\t\t\t<\/div>\n\t\t<\/div>\n\t\t\t\t\t\t\t\t<\/div>\n\t\t\t\t\t<\/div>\n\t\t<\/section>\n\t\t\t\t<section class=\"elementor-section elementor-inner-section elementor-element elementor-element-49be3ef elementor-section-boxed elementor-section-height-default elementor-section-height-default\" data-id=\"49be3ef\" data-element_type=\"section\">\n\t\t\t\t\t\t<div class=\"elementor-container elementor-column-gap-default\">\n\t\t\t\t\t\t\t<div class=\"elementor-row\">\n\t\t\t\t\t<div class=\"elementor-column elementor-col-33 elementor-inner-column elementor-element elementor-element-69dca67\" data-id=\"69dca67\" data-element_type=\"column\">\n\t\t\t<div class=\"elementor-column-wrap\">\n\t\t\t\t\t\t\t<div class=\"elementor-widget-wrap\">\n\t\t\t\t\t\t\t\t<\/div>\n\t\t\t\t\t<\/div>\n\t\t<\/div>\n\t\t\t\t<div class=\"elementor-column elementor-col-33 elementor-inner-column elementor-element elementor-element-6ddeb69\" data-id=\"6ddeb69\" data-element_type=\"column\">\n\t\t\t<div class=\"elementor-column-wrap elementor-element-populated\">\n\t\t\t\t\t\t\t<div class=\"elementor-widget-wrap\">\n\t\t\t\t\t\t<div class=\"elementor-element elementor-element-44c5f02 elementor-widget elementor-widget-heading\" data-id=\"44c5f02\" data-element_type=\"widget\" data-widget_type=\"heading.default\">\n\t\t\t\t<div class=\"elementor-widget-container\">\n\t\t\t<h2 class=\"elementor-heading-title elementor-size-default\">Seguridad Social<\/h2>\t\t<\/div>\n\t\t\t\t<\/div>\n\t\t\t\t<div class=\"elementor-element elementor-element-34ba213 elementor-widget elementor-widget-text-editor\" data-id=\"34ba213\" data-element_type=\"widget\" data-widget_type=\"text-editor.default\">\n\t\t\t\t<div class=\"elementor-widget-container\">\n\t\t\t\t\t\t\t\t<div class=\"elementor-text-editor elementor-clearfix\">\n\t\t\t\t<p align=\"justify\">La gerencia de ADMINISTRA RAM LTDA no solo se compromete a adoptar las normas legales vigentes en materia de seguridad y salud en el trabajo, que le permite llevar a niveles tolerables los \u00edndices de ausentismo laboral derivados de las contingencias de accidente de trabajo y enfermedades profesionales ATEP, sino que adem\u00e1s velara por el bienestar integral de su recurso m\u00e1s valioso, &#8220;el recurso humano&#8221;, ejecutara actividades de promoci\u00f3n y prevenci\u00f3n en seguridad y salud ocupacional, que permitan proteger la salud de los trabajadores, d\u00e1ndoles a conocer los factores de riesgo predominantes a que van a estar expuestos, a trav\u00e9s de la ejecuci\u00f3n de las actividades del programa empresarial de inducci\u00f3n y reinducci\u00f3n.<\/p>\t\t\t\t\t<\/div>\n\t\t\t\t\t\t<\/div>\n\t\t\t\t<\/div>\n\t\t\t\t\t\t<\/div>\n\t\t\t\t\t<\/div>\n\t\t<\/div>\n\t\t\t\t<div class=\"elementor-column elementor-col-33 elementor-inner-column elementor-element elementor-element-75800ab\" data-id=\"75800ab\" data-element_type=\"column\">\n\t\t\t<div class=\"elementor-column-wrap elementor-element-populated\">\n\t\t\t\t\t\t\t<div class=\"elementor-widget-wrap\">\n\t\t\t\t\t\t<div class=\"elementor-element elementor-element-2119e3c elementor-widget elementor-widget-image\" data-id=\"2119e3c\" data-element_type=\"widget\" data-widget_type=\"image.default\">\n\t\t\t\t<div class=\"elementor-widget-container\">\n\t\t\t\t\t\t\t\t<div class=\"elementor-image\">\n\t\t\t\t\t\t\t\t\t\t\t\t<img width=\"796\" height=\"591\" src=\"https:\/\/administraram.com.co\/wp-content\/uploads\/2019\/04\/socialppoli.png\" class=\"attachment-large size-large\" alt=\"\" loading=\"lazy\" srcset=\"https:\/\/administraram.com.co\/wp-content\/uploads\/2019\/04\/socialppoli.png 796w, https:\/\/administraram.com.co\/wp-content\/uploads\/2019\/04\/socialppoli-300x223.png 300w, https:\/\/administraram.com.co\/wp-content\/uploads\/2019\/04\/socialppoli-768x570.png 768w\" sizes=\"(max-width: 796px) 100vw, 796px\" \/>\t\t\t\t\t\t\t\t\t\t\t\t\t\t<\/div>\n\t\t\t\t\t\t<\/div>\n\t\t\t\t<\/div>\n\t\t\t\t\t\t<\/div>\n\t\t\t\t\t<\/div>\n\t\t<\/div>\n\t\t\t\t\t\t\t\t<\/div>\n\t\t\t\t\t<\/div>\n\t\t<\/section>\n\t\t\t\t\t\t<\/div>\n\t\t\t\t\t<\/div>\n\t\t<\/div>\n\t\t\t\t\t\t\t\t<\/div>\n\t\t\t\t\t<\/div>\n\t\t<\/section>\n\t\t\t\t\t\t\t\t\t<\/div>\n\t\t\t<\/div>\n\t\t\t\t\t<\/div>\n\t\t","protected":false},"excerpt":{"rendered":"<p>Pol\u00edticas del Medio Ambiente ADMINISTRA RAM LTDA. A trav\u00e9s de la alta gerencia se compromete con realizar y desarrollar sus procesos, dentro de un marco de preservaci\u00f3n del medio ambiente, cumpliendo la legislaci\u00f3n, reglamentaci\u00f3n ambiental aplicable y los requisitos que la empresa considere necesarios para tal fin, promoviendo y concientizando al personal sobre la importancia<\/p>\n<p class=\"more-link\"><a href=\"https:\/\/administraram.com.co\/index.php\/entorno-social\/\" class=\"themebutton\">Read More<\/a><\/p>\n","protected":false},"author":1,"featured_media":0,"parent":0,"menu_order":0,"comment_status":"closed","ping_status":"closed","template":"","meta":[],"_links":{"self":[{"href":"https:\/\/administraram.com.co\/index.php\/wp-json\/wp\/v2\/pages\/232"}],"collection":[{"href":"https:\/\/administraram.com.co\/index.php\/wp-json\/wp\/v2\/pages"}],"about":[{"href":"https:\/\/administraram.com.co\/index.php\/wp-json\/wp\/v2\/types\/page"}],"author":[{"embeddable":true,"href":"https:\/\/administraram.com.co\/index.php\/wp-json\/wp\/v2\/users\/1"}],"replies":[{"embeddable":true,"href":"https:\/\/administraram.com.co\/index.php\/wp-json\/wp\/v2\/comments?post=232"}],"version-history":[{"count":5,"href":"https:\/\/administraram.com.co\/index.php\/wp-json\/wp\/v2\/pages\/232\/revisions"}],"predecessor-version":[{"id":520,"href":"https:\/\/administraram.com.co\/index.php\/wp-json\/wp\/v2\/pages\/232\/revisions\/520"}],"wp:attachment":[{"href":"https:\/\/administraram.com.co\/index.php\/wp-json\/wp\/v2\/media?parent=232"}],"curies":[{"name":"wp","href":"https:\/\/api.w.org\/{rel}","templated":true}]}}