{"id":231,"date":"2019-04-25T14:36:15","date_gmt":"2019-04-25T14:36:15","guid":{"rendered":"http:\/\/administraram.com.co\/?page_id=231"},"modified":"2021-12-04T13:14:09","modified_gmt":"2021-12-04T18:14:09","slug":"sgc","status":"publish","type":"page","link":"https:\/\/administraram.com.co\/index.php\/quienes-somos\/sgc\/","title":{"rendered":"Sistema de gesti\u00f3n de calidad SGC"},"content":{"rendered":"\t\t<div data-elementor-type=\"wp-post\" data-elementor-id=\"231\" class=\"elementor elementor-231\">\n\t\t\t\t\t\t<div class=\"elementor-inner\">\n\t\t\t\t<div class=\"elementor-section-wrap\">\n\t\t\t\t\t\t\t\t\t<section class=\"elementor-section elementor-top-section elementor-element elementor-element-97797f0 elementor-section-boxed elementor-section-height-default elementor-section-height-default\" data-id=\"97797f0\" data-element_type=\"section\" data-settings=\"{&quot;background_background&quot;:&quot;classic&quot;}\">\n\t\t\t\t\t\t<div class=\"elementor-container elementor-column-gap-default\">\n\t\t\t\t\t\t\t<div class=\"elementor-row\">\n\t\t\t\t\t<div class=\"elementor-column elementor-col-50 elementor-top-column elementor-element elementor-element-2862afd\" data-id=\"2862afd\" data-element_type=\"column\">\n\t\t\t<div class=\"elementor-column-wrap elementor-element-populated\">\n\t\t\t\t\t\t\t<div class=\"elementor-widget-wrap\">\n\t\t\t\t\t\t<div class=\"elementor-element elementor-element-30b00339 elementor-position-top elementor-vertical-align-top elementor-widget elementor-widget-image-box\" data-id=\"30b00339\" data-element_type=\"widget\" data-widget_type=\"image-box.default\">\n\t\t\t\t<div class=\"elementor-widget-container\">\n\t\t\t<div class=\"elementor-image-box-wrapper\"><figure class=\"elementor-image-box-img\"><img width=\"293\" height=\"293\" src=\"https:\/\/administraram.com.co\/wp-content\/uploads\/2019\/04\/mision3.png\" class=\"attachment-full size-full\" alt=\"\" loading=\"lazy\" \/><\/figure><div class=\"elementor-image-box-content\"><h3 class=\"elementor-image-box-title\">Misi\u00f3n<\/h3><p class=\"elementor-image-box-description\">Somos la empresa de aseo y mantenimiento l\u00edder en la prestaci\u00f3n de estos servicios a nivel Boyac\u00e1, ofreciendo bienestar a empleados y clientes, a trav\u00e9s de t\u00e9cnicas profesionales en la soluci\u00f3n integral de la limpieza en las diferentes \u00e1reas.<\/p><\/div><\/div>\t\t<\/div>\n\t\t\t\t<\/div>\n\t\t\t\t\t\t<\/div>\n\t\t\t\t\t<\/div>\n\t\t<\/div>\n\t\t\t\t<div class=\"elementor-column elementor-col-50 elementor-top-column elementor-element elementor-element-2c1cbd8d\" data-id=\"2c1cbd8d\" data-element_type=\"column\">\n\t\t\t<div class=\"elementor-column-wrap elementor-element-populated\">\n\t\t\t\t\t\t\t<div class=\"elementor-widget-wrap\">\n\t\t\t\t\t\t<div class=\"elementor-element elementor-element-a80ce75 elementor-position-top elementor-vertical-align-top elementor-widget elementor-widget-image-box\" data-id=\"a80ce75\" data-element_type=\"widget\" data-widget_type=\"image-box.default\">\n\t\t\t\t<div class=\"elementor-widget-container\">\n\t\t\t<div class=\"elementor-image-box-wrapper\"><figure class=\"elementor-image-box-img\"><img width=\"293\" height=\"293\" src=\"https:\/\/administraram.com.co\/wp-content\/uploads\/2019\/04\/vison2.png\" class=\"attachment-full size-full\" alt=\"\" loading=\"lazy\" \/><\/figure><div class=\"elementor-image-box-content\"><h3 class=\"elementor-image-box-title\">VISI\u00d3N<\/h3><p class=\"elementor-image-box-description\">Ser reconocida a nivel nacional como la empresa prestadora del servicio de aseo y mantenimiento con altos est\u00e1ndares en los niveles de calidad, satisfaciendo ampliamente las necesidades de los clientes y contribuyendo con el bienestar de nuestros empleados.<\/p><\/div><\/div>\t\t<\/div>\n\t\t\t\t<\/div>\n\t\t\t\t\t\t<\/div>\n\t\t\t\t\t<\/div>\n\t\t<\/div>\n\t\t\t\t\t\t\t\t<\/div>\n\t\t\t\t\t<\/div>\n\t\t<\/section>\n\t\t\t\t<section class=\"elementor-section elementor-top-section elementor-element elementor-element-fc85bc7 elementor-section-boxed elementor-section-height-default elementor-section-height-default\" data-id=\"fc85bc7\" data-element_type=\"section\">\n\t\t\t\t\t\t<div class=\"elementor-container elementor-column-gap-default\">\n\t\t\t\t\t\t\t<div class=\"elementor-row\">\n\t\t\t\t\t<div class=\"elementor-column elementor-col-50 elementor-top-column elementor-element elementor-element-2ddfc82\" data-id=\"2ddfc82\" data-element_type=\"column\">\n\t\t\t<div class=\"elementor-column-wrap elementor-element-populated\">\n\t\t\t\t\t\t\t<div class=\"elementor-widget-wrap\">\n\t\t\t\t\t\t<div class=\"elementor-element elementor-element-056c882 elementor-widget elementor-widget-heading\" data-id=\"056c882\" data-element_type=\"widget\" data-widget_type=\"heading.default\">\n\t\t\t\t<div class=\"elementor-widget-container\">\n\t\t\t<h2 class=\"elementor-heading-title elementor-size-default\">Pol\u00edticas de Calidad<\/h2>\t\t<\/div>\n\t\t\t\t<\/div>\n\t\t\t\t<div class=\"elementor-element elementor-element-e87c982 elementor-widget elementor-widget-text-editor\" data-id=\"e87c982\" data-element_type=\"widget\" data-widget_type=\"text-editor.default\">\n\t\t\t\t<div class=\"elementor-widget-container\">\n\t\t\t\t\t\t\t\t<div class=\"elementor-text-editor elementor-clearfix\">\n\t\t\t\t<p align=\"justify\">Administra RAM Ltda., enfoca su experiencia y liderazgo en la prestaci\u00f3n de servicios de aseo y desinfecci\u00f3n, cafeter\u00eda y jardiner\u00eda, ofreciendo t\u00e9cnicas profesionales de limpieza, as\u00ed como sus recursos f\u00edsicos y humanos altamente capacitados, para asegurar permanentemente la confianza de nuestros clientes, obedeciendo a un sistema de calidad respaldado por su mejoramiento continuo y estricto cumplimiento.<\/p>\t\t\t\t\t<\/div>\n\t\t\t\t\t\t<\/div>\n\t\t\t\t<\/div>\n\t\t\t\t<div class=\"elementor-element elementor-element-4f43914 elementor-widget elementor-widget-image\" data-id=\"4f43914\" data-element_type=\"widget\" data-widget_type=\"image.default\">\n\t\t\t\t<div class=\"elementor-widget-container\">\n\t\t\t\t\t\t\t\t<div class=\"elementor-image\">\n\t\t\t\t\t\t\t\t\t\t\t\t<img width=\"789\" height=\"348\" src=\"https:\/\/administraram.com.co\/wp-content\/uploads\/2019\/04\/calidad2.jpg\" class=\"attachment-large size-large\" alt=\"\" loading=\"lazy\" srcset=\"https:\/\/administraram.com.co\/wp-content\/uploads\/2019\/04\/calidad2.jpg 789w, https:\/\/administraram.com.co\/wp-content\/uploads\/2019\/04\/calidad2-300x132.jpg 300w, https:\/\/administraram.com.co\/wp-content\/uploads\/2019\/04\/calidad2-768x339.jpg 768w\" sizes=\"(max-width: 789px) 100vw, 789px\" \/>\t\t\t\t\t\t\t\t\t\t\t\t\t\t<\/div>\n\t\t\t\t\t\t<\/div>\n\t\t\t\t<\/div>\n\t\t\t\t\t\t<\/div>\n\t\t\t\t\t<\/div>\n\t\t<\/div>\n\t\t\t\t<div class=\"elementor-column elementor-col-50 elementor-top-column elementor-element elementor-element-ec5e66e\" data-id=\"ec5e66e\" data-element_type=\"column\">\n\t\t\t<div class=\"elementor-column-wrap elementor-element-populated\">\n\t\t\t\t\t\t\t<div class=\"elementor-widget-wrap\">\n\t\t\t\t\t\t<div class=\"elementor-element elementor-element-c235cb0 elementor-widget elementor-widget-heading\" data-id=\"c235cb0\" data-element_type=\"widget\" data-widget_type=\"heading.default\">\n\t\t\t\t<div class=\"elementor-widget-container\">\n\t\t\t<h2 class=\"elementor-heading-title elementor-size-default\">Macroprocesos<\/h2>\t\t<\/div>\n\t\t\t\t<\/div>\n\t\t\t\t<div class=\"elementor-element elementor-element-565eee9 elementor-widget elementor-widget-text-editor\" data-id=\"565eee9\" data-element_type=\"widget\" data-widget_type=\"text-editor.default\">\n\t\t\t\t<div class=\"elementor-widget-container\">\n\t\t\t\t\t\t\t\t<div class=\"elementor-text-editor elementor-clearfix\">\n\t\t\t\t<p align=\"justify\">Administra RAM Ltda., enfoca su experiencia y liderazgo en la prestaci\u00f3n de servicios de aseo y desinfecci\u00f3n, cafeter\u00eda y jardiner\u00eda, ofreciendo t\u00e9cnicas profesionales de limpieza, as\u00ed como sus recursos f\u00edsicos y humanos altamente capacitados, para asegurar permanentemente la confianza de nuestros clientes, obedeciendo a un sistema de calidad respaldado por su mejoramiento continuo y estricto cumplimiento.<\/p>\t\t\t\t\t<\/div>\n\t\t\t\t\t\t<\/div>\n\t\t\t\t<\/div>\n\t\t\t\t<div class=\"elementor-element elementor-element-3f02575 elementor-widget elementor-widget-image\" data-id=\"3f02575\" data-element_type=\"widget\" data-widget_type=\"image.default\">\n\t\t\t\t<div class=\"elementor-widget-container\">\n\t\t\t\t\t\t\t\t<div class=\"elementor-image\">\n\t\t\t\t\t\t\t\t\t\t\t\t<img src=\"https:\/\/administraram.com.co\/wp-content\/uploads\/elementor\/thumbs\/marcroprocesos-e1559063233461-qbck0ue6xsfha4tmwlp0yrir33uqoldlfo0iii2ft4.png\" title=\"marcroprocesos\" alt=\"marcroprocesos\" \/>\t\t\t\t\t\t\t\t\t\t\t\t\t\t<\/div>\n\t\t\t\t\t\t<\/div>\n\t\t\t\t<\/div>\n\t\t\t\t\t\t<\/div>\n\t\t\t\t\t<\/div>\n\t\t<\/div>\n\t\t\t\t\t\t\t\t<\/div>\n\t\t\t\t\t<\/div>\n\t\t<\/section>\n\t\t\t\t\t\t\t\t\t<\/div>\n\t\t\t<\/div>\n\t\t\t\t\t<\/div>\n\t\t","protected":false},"excerpt":{"rendered":"<p>Misi\u00f3n Somos la empresa de aseo y mantenimiento l\u00edder en la prestaci\u00f3n de estos servicios a nivel Boyac\u00e1, ofreciendo bienestar a empleados y clientes, a trav\u00e9s de t\u00e9cnicas profesionales en la soluci\u00f3n integral de la limpieza en las diferentes \u00e1reas. VISI\u00d3N Ser reconocida a nivel nacional como la empresa prestadora del servicio de aseo y<\/p>\n<p class=\"more-link\"><a href=\"https:\/\/administraram.com.co\/index.php\/quienes-somos\/sgc\/\" class=\"themebutton\">Read More<\/a><\/p>\n","protected":false},"author":1,"featured_media":0,"parent":21,"menu_order":0,"comment_status":"closed","ping_status":"closed","template":"elementor_header_footer","meta":[],"_links":{"self":[{"href":"https:\/\/administraram.com.co\/index.php\/wp-json\/wp\/v2\/pages\/231"}],"collection":[{"href":"https:\/\/administraram.com.co\/index.php\/wp-json\/wp\/v2\/pages"}],"about":[{"href":"https:\/\/administraram.com.co\/index.php\/wp-json\/wp\/v2\/types\/page"}],"author":[{"embeddable":true,"href":"https:\/\/administraram.com.co\/index.php\/wp-json\/wp\/v2\/users\/1"}],"replies":[{"embeddable":true,"href":"https:\/\/administraram.com.co\/index.php\/wp-json\/wp\/v2\/comments?post=231"}],"version-history":[{"count":13,"href":"https:\/\/administraram.com.co\/index.php\/wp-json\/wp\/v2\/pages\/231\/revisions"}],"predecessor-version":[{"id":518,"href":"https:\/\/administraram.com.co\/index.php\/wp-json\/wp\/v2\/pages\/231\/revisions\/518"}],"up":[{"embeddable":true,"href":"https:\/\/administraram.com.co\/index.php\/wp-json\/wp\/v2\/pages\/21"}],"wp:attachment":[{"href":"https:\/\/administraram.com.co\/index.php\/wp-json\/wp\/v2\/media?parent=231"}],"curies":[{"name":"wp","href":"https:\/\/api.w.org\/{rel}","templated":true}]}}